{"id":152852,"date":"2025-02-11T09:32:07","date_gmt":"2025-02-11T08:32:07","guid":{"rendered":"https:\/\/smetanovalitomysl.cz\/festival-pass-2\/"},"modified":"2025-03-11T10:41:58","modified_gmt":"2025-03-11T09:41:58","slug":"festival-pass-2","status":"publish","type":"page","link":"https:\/\/smetanovalitomysl.cz\/en\/festival-pass-2\/","title":{"rendered":"Festival pass"},"content":{"rendered":"\t\t<div data-elementor-type=\"wp-page\" data-elementor-id=\"152852\" class=\"elementor elementor-152852 elementor-151949\" data-elementor-post-type=\"page\">\n\t\t\t\t\t\t<section class=\"elementor-section elementor-top-section elementor-element elementor-element-a3667ff elementor-section-full_width elementor-section-height-default elementor-section-height-default\" data-id=\"a3667ff\" data-element_type=\"section\">\n\t\t\t\t\t\t<div class=\"elementor-container elementor-column-gap-default\">\n\t\t\t\t\t<div class=\"elementor-column elementor-col-33 elementor-top-column elementor-element elementor-element-abe6dc1\" data-id=\"abe6dc1\" data-element_type=\"column\">\n\t\t\t<div class=\"elementor-widget-wrap elementor-element-populated\">\n\t\t\t\t\t\t<div class=\"elementor-element elementor-element-0bd3792 elementor-widget elementor-widget-heading\" data-id=\"0bd3792\" data-element_type=\"widget\" data-widget_type=\"heading.default\">\n\t\t\t\t<div class=\"elementor-widget-container\">\n\t\t\t\t\t<h1 class=\"elementor-heading-title elementor-size-default\">festival pass<\/h1>\t\t\t\t<\/div>\n\t\t\t\t<\/div>\n\t\t\t\t<div class=\"elementor-element elementor-element-173b7cc elementor-widget elementor-widget-text-editor\" data-id=\"173b7cc\" data-element_type=\"widget\" data-widget_type=\"text-editor.default\">\n\t\t\t\t<div class=\"elementor-widget-container\">\n\t\t\t\t\t\t\t\t\t<p>a festival passport tag can open all Litomy\u0161l sights, all Smetana&#8217;s Art Litomy\u0161l exhibitions and provide a discount at all festival bars during the festival.<\/p>\n\t\t\t\t\t\t\t\t<\/div>\n\t\t\t\t<\/div>\n\t\t\t\t<div class=\"elementor-element elementor-element-4d5b848 elementor-widget elementor-widget-spacer\" data-id=\"4d5b848\" data-element_type=\"widget\" data-widget_type=\"spacer.default\">\n\t\t\t\t<div class=\"elementor-widget-container\">\n\t\t\t\t\t\t\t<div class=\"elementor-spacer\">\n\t\t\t<div class=\"elementor-spacer-inner\"><\/div>\n\t\t<\/div>\n\t\t\t\t\t\t<\/div>\n\t\t\t\t<\/div>\n\t\t\t\t<div class=\"elementor-element elementor-element-688f1b0 harmonika elementor-widget elementor-widget-toggle\" data-id=\"688f1b0\" data-element_type=\"widget\" data-widget_type=\"toggle.default\">\n\t\t\t\t<div class=\"elementor-widget-container\">\n\t\t\t\t\t\t\t<div class=\"elementor-toggle\">\n\t\t\t\t\t\t\t<div class=\"elementor-toggle-item\">\n\t\t\t\t\t<div id=\"elementor-tab-title-1091\" class=\"elementor-tab-title\" data-tab=\"1\" role=\"button\" aria-controls=\"elementor-tab-content-1091\" aria-expanded=\"false\">\n\t\t\t\t\t\t\t\t\t\t\t\t<span class=\"elementor-toggle-icon elementor-toggle-icon-right\" aria-hidden=\"true\">\n\t\t\t\t\t\t\t\t\t\t\t\t\t\t\t<span class=\"elementor-toggle-icon-closed\"><i class=\"fas fa-chevron-down\"><\/i><\/span>\n\t\t\t\t\t\t\t\t<span class=\"elementor-toggle-icon-opened\"><i class=\"elementor-toggle-icon-opened fas fa-chevron-up\"><\/i><\/span>\n\t\t\t\t\t\t\t\t\t\t\t\t\t<\/span>\n\t\t\t\t\t\t\t\t\t\t\t\t<a class=\"elementor-toggle-title\" tabindex=\"0\"><h4>UNESCO castle<\/h4><br><p style=\"font-weight:300;\">visit to the Renaissance pearl including a guided tour<\/p><\/a>\n\t\t\t\t\t<\/div>\n\n\t\t\t\t\t<div id=\"elementor-tab-content-1091\" class=\"elementor-tab-content elementor-clearfix\" data-tab=\"1\" role=\"region\" aria-labelledby=\"elementor-tab-title-1091\"><p>This UNESCO World Heritage Site is an obvious landmark of the town and a major tourist destination for visitors.<\/p>\n<p>The Renaissance chateau has adorned the panorama of Litomy\u0161l since the second half of the 16th century. century, when it was built by Vratislav II. of Pern\u0161tejn, perhaps with the idea of bringing a splash of the Mediterranean to the East Bohemian town and thus pleasing his Spanish wife, Maria Manrique de Lara. The Festival Pass is a ticket to one of the sightseeing tours. Reservations can be made directly at the castle ticket office.<\/p>\n<p><span style=\"text-decoration: underline;\"><a href=\"https:\/\/zamek-litomysl.cz\/cs\">more about the castle&#8230;<\/a><\/span><\/p>\n<\/div>\n\t\t\t\t<\/div>\n\t\t\t\t\t\t\t<div class=\"elementor-toggle-item\">\n\t\t\t\t\t<div id=\"elementor-tab-title-1092\" class=\"elementor-tab-title\" data-tab=\"2\" role=\"button\" aria-controls=\"elementor-tab-content-1092\" aria-expanded=\"false\">\n\t\t\t\t\t\t\t\t\t\t\t\t<span class=\"elementor-toggle-icon elementor-toggle-icon-right\" aria-hidden=\"true\">\n\t\t\t\t\t\t\t\t\t\t\t\t\t\t\t<span class=\"elementor-toggle-icon-closed\"><i class=\"fas fa-chevron-down\"><\/i><\/span>\n\t\t\t\t\t\t\t\t<span class=\"elementor-toggle-icon-opened\"><i class=\"elementor-toggle-icon-opened fas fa-chevron-up\"><\/i><\/span>\n\t\t\t\t\t\t\t\t\t\t\t\t\t<\/span>\n\t\t\t\t\t\t\t\t\t\t\t\t<a class=\"elementor-toggle-title\" tabindex=\"0\"><h4>B's native apartment. Smetana<\/h4><br><p style=\"font-weight:300;\">newly opened exposition with music video mapping<\/p><\/a>\n\t\t\t\t\t<\/div>\n\n\t\t\t\t\t<div id=\"elementor-tab-content-1092\" class=\"elementor-tab-content elementor-clearfix\" data-tab=\"2\" role=\"region\" aria-labelledby=\"elementor-tab-title-1092\"><p>&#8220;The father was in the yard when the girl came running with the news that a son had been born. And the happy father caught the girl in his joy and danced with her in the courtyard. But he wanted his people to share this joy with him, so he had a barrel of beer rolled out into the courtyard and they sang and danced and welcomed the arrival of Bed\u0159ich Smetana into the world&#8230;&#8221;<\/p>\n<p>Bed\u0159ich Smetana was born as the first son and the eleventh child of Franti\u0161ek Smetana, a brewer at the Litomy\u0161l castle, on Shrove Tuesday 2. March 1824. The exhibition in his birthplace was opened exactly one hundred years later. Two hundred years later &#8211; in 2024 &#8211; it took on its current form. <br \/><span style=\"text-decoration: underline;\"><a href=\"https:\/\/www.rbbs.cz\/\">more about the family apartment&#8230; <\/a><\/span><\/p>\n<\/div>\n\t\t\t\t<\/div>\n\t\t\t\t\t\t\t<div class=\"elementor-toggle-item\">\n\t\t\t\t\t<div id=\"elementor-tab-title-1093\" class=\"elementor-tab-title\" data-tab=\"3\" role=\"button\" aria-controls=\"elementor-tab-content-1093\" aria-expanded=\"false\">\n\t\t\t\t\t\t\t\t\t\t\t\t<span class=\"elementor-toggle-icon elementor-toggle-icon-right\" aria-hidden=\"true\">\n\t\t\t\t\t\t\t\t\t\t\t\t\t\t\t<span class=\"elementor-toggle-icon-closed\"><i class=\"fas fa-chevron-down\"><\/i><\/span>\n\t\t\t\t\t\t\t\t<span class=\"elementor-toggle-icon-opened\"><i class=\"elementor-toggle-icon-opened fas fa-chevron-up\"><\/i><\/span>\n\t\t\t\t\t\t\t\t\t\t\t\t\t<\/span>\n\t\t\t\t\t\t\t\t\t\t\t\t<a class=\"elementor-toggle-title\" tabindex=\"0\"><h4>z\u00e1meck\u00e9 sklepen\u00ed<\/h4><br><p style=\"font-weight:300;\">exhibition of sculptures by Olbram Zoubek and Heart for V\u00e1clav Havel<\/p><\/a>\n\t\t\t\t\t<\/div>\n\n\t\t\t\t\t<div id=\"elementor-tab-content-1093\" class=\"elementor-tab-content elementor-clearfix\" data-tab=\"3\" role=\"region\" aria-labelledby=\"elementor-tab-title-1093\"><p>The majestic halls with high vaulted ceilings give visitors a soothing impression. When Bed\u0159ich Smetana was born in Litomy\u0161l, the cellar was used to store barrels from the local brewery where Bed\u0159ich&#8217;s father was the brewer.<\/p>\n<p>Today, carefully selected wines from Moravian and Austrian winemakers are maturing in the climatically ideal environment. A glass of wine at the ideal temperature can make a cellar tour even more enjoyable.<\/p>\n<p>The permanent exhibition of the castle cellar consists of a set of more than 80 sculptures donated to Litomy\u0161l by Olbram Zoubek. They are a cross-section of his life&#8217;s work and each of them can be accompanied by an audio guide with a commentary by the author. <\/p>\n<p>The Heart for V\u00e1clav Havel found its permanent exhibition space in one of the halls. Visitors can find the sculpture made from thousands of candles that people lit after the death of the first Czech president by its specific smell. Perhaps it smacks of the idea of a decent society, perhaps of the hope that it is possible to act according to one&#8217;s conscience and not lose out&#8230;<br \/><span style=\"text-decoration: underline;\"><a href=\"https:\/\/zameckesklepeni.cz\/cs\/\">more about the cellar&#8230;<\/a><\/span><\/p>\n<\/div>\n\t\t\t\t<\/div>\n\t\t\t\t\t\t\t\t<\/div>\n\t\t\t\t\t\t<\/div>\n\t\t\t\t<\/div>\n\t\t\t\t\t<\/div>\n\t\t<\/div>\n\t\t\t\t<div class=\"elementor-column elementor-col-33 elementor-top-column elementor-element elementor-element-931cf30\" data-id=\"931cf30\" data-element_type=\"column\" data-settings=\"{&quot;background_background&quot;:&quot;classic&quot;}\">\n\t\t\t<div class=\"elementor-widget-wrap elementor-element-populated\">\n\t\t\t\t\t\t<div class=\"elementor-element elementor-element-cf1d7ae elementor-widget elementor-widget-spacer\" data-id=\"cf1d7ae\" data-element_type=\"widget\" data-widget_type=\"spacer.default\">\n\t\t\t\t<div class=\"elementor-widget-container\">\n\t\t\t\t\t\t\t<div class=\"elementor-spacer\">\n\t\t\t<div class=\"elementor-spacer-inner\"><\/div>\n\t\t<\/div>\n\t\t\t\t\t\t<\/div>\n\t\t\t\t<\/div>\n\t\t\t\t\t<\/div>\n\t\t<\/div>\n\t\t\t\t<div class=\"elementor-column elementor-col-33 elementor-top-column elementor-element elementor-element-c1db106\" data-id=\"c1db106\" data-element_type=\"column\">\n\t\t\t<div class=\"elementor-widget-wrap elementor-element-populated\">\n\t\t\t\t\t\t<section class=\"elementor-section elementor-inner-section elementor-element elementor-element-d5be97c elementor-section-full_width elementor-section-height-default elementor-section-height-default\" data-id=\"d5be97c\" data-element_type=\"section\">\n\t\t\t\t\t\t<div class=\"elementor-container elementor-column-gap-default\">\n\t\t\t\t\t<div class=\"elementor-column elementor-col-100 elementor-inner-column elementor-element elementor-element-3257020\" data-id=\"3257020\" data-element_type=\"column\">\n\t\t\t<div class=\"elementor-widget-wrap elementor-element-populated\">\n\t\t\t\t\t\t<div class=\"elementor-element elementor-element-5f2b0fc harmonika elementor-widget elementor-widget-toggle\" data-id=\"5f2b0fc\" data-element_type=\"widget\" data-widget_type=\"toggle.default\">\n\t\t\t\t<div class=\"elementor-widget-container\">\n\t\t\t\t\t\t\t<div class=\"elementor-toggle\">\n\t\t\t\t\t\t\t<div class=\"elementor-toggle-item\">\n\t\t\t\t\t<div id=\"elementor-tab-title-9971\" class=\"elementor-tab-title\" data-tab=\"1\" role=\"button\" aria-controls=\"elementor-tab-content-9971\" aria-expanded=\"false\">\n\t\t\t\t\t\t\t\t\t\t\t\t<span class=\"elementor-toggle-icon elementor-toggle-icon-right\" aria-hidden=\"true\">\n\t\t\t\t\t\t\t\t\t\t\t\t\t\t\t<span class=\"elementor-toggle-icon-closed\"><i class=\"fas fa-chevron-down\"><\/i><\/span>\n\t\t\t\t\t\t\t\t<span class=\"elementor-toggle-icon-opened\"><i class=\"elementor-toggle-icon-opened fas fa-chevron-up\"><\/i><\/span>\n\t\t\t\t\t\t\t\t\t\t\t\t\t<\/span>\n\t\t\t\t\t\t\t\t\t\t\t\t<a class=\"elementor-toggle-title\" tabindex=\"0\"><h4>town picture gallery<\/h4><br><p style=\"font-weight:300;\">Zrzav\u00fd, \u010capek, Bo\u0161t\u00edk, and others in the newly renovated second floor of the castle<\/p><\/a>\n\t\t\t\t\t<\/div>\n\n\t\t\t\t\t<div id=\"elementor-tab-content-9971\" class=\"elementor-tab-content elementor-clearfix\" data-tab=\"1\" role=\"region\" aria-labelledby=\"elementor-tab-title-9971\"><p>Municipal Gallery has belonged to the halls of the Litomy\u0161l castle for a century. The First Republic collections of paintings by local painters have grown to include more treasures of Czech painting to the present number of over two thousand works of art. Jan Zrzav\u00fd, Emil Filla, Josef \u010capek, V\u00e1clav Bo\u0161t\u00edk, Josef V\u00e1chal, Max \u0160vabinsk\u00fd, Julius Ma\u0159\u00e1k, Anton\u00edn Dvo\u0159\u00e1k, Josef Mati\u010dka, Otokar Kub\u00edn, Franti\u0161ek Tich\u00fd, Ludmila Jandov\u00e1, Bohdan Kopeck\u00fd, Karel \u0160\u0165astn\u00fd, Viktor Faltis and others.<br \/><a href=\"https:\/\/www.galerie.litomysl.cz\/mestska-obrazarna\/\"><span style=\"text-decoration: underline;\">more about the picture gallery&#8230;<\/span><\/a><\/p>\n<\/div>\n\t\t\t\t<\/div>\n\t\t\t\t\t\t\t<div class=\"elementor-toggle-item\">\n\t\t\t\t\t<div id=\"elementor-tab-title-9972\" class=\"elementor-tab-title\" data-tab=\"2\" role=\"button\" aria-controls=\"elementor-tab-content-9972\" aria-expanded=\"false\">\n\t\t\t\t\t\t\t\t\t\t\t\t<span class=\"elementor-toggle-icon elementor-toggle-icon-right\" aria-hidden=\"true\">\n\t\t\t\t\t\t\t\t\t\t\t\t\t\t\t<span class=\"elementor-toggle-icon-closed\"><i class=\"fas fa-chevron-down\"><\/i><\/span>\n\t\t\t\t\t\t\t\t<span class=\"elementor-toggle-icon-opened\"><i class=\"elementor-toggle-icon-opened fas fa-chevron-up\"><\/i><\/span>\n\t\t\t\t\t\t\t\t\t\t\t\t\t<\/span>\n\t\t\t\t\t\t\t\t\t\t\t\t<a class=\"elementor-toggle-title\" tabindex=\"0\"><h4>Piarist church<\/h4><br><p style=\"font-weight:300;\">viewpoint, gallery with steel footbridge and night guided tour<\/p><\/a>\n\t\t\t\t\t<\/div>\n\n\t\t\t\t\t<div id=\"elementor-tab-content-9972\" class=\"elementor-tab-content elementor-clearfix\" data-tab=\"2\" role=\"region\" aria-labelledby=\"elementor-tab-title-9972\"><p>The monumental Baroque church by Italian architect Giovanni Battista Alliprandi was given a new look in 2010 by architect Marek \u0160t\u011bp\u00e1n. And it was not only him who shaped one of the most significant temples in East Bohemia.<\/p>\n<p>After Alliprandi&#8217;s death, Franti\u0161ek Maxmili\u00e1n Ka\u0148ka was invited to complete the construction and opened the church in 1722. Not long afterwards, however, the interior was hit by several fires. Today they are commemorated by charred pews or modern grey paintings.<\/p>\n<p>Several art objects by V\u00e1clav C\u00edgler and Michal Moty\u010dka occupied the space of the temple. A truly unique space is the view from the protective mezzanine.<\/p>\n<p>The Festival Pass is a ticket to the church, the lookout, the Angels on the Hill exhibit and the evening guided tour. <br \/><span style=\"text-decoration: underline;\"><a href=\"https:\/\/www.zamecke-navrsi.cz\/cs\/m-69-chram-nalezeni-sv-krize\">more about the temple&#8230;<\/a><\/span><\/p>\n<\/div>\n\t\t\t\t<\/div>\n\t\t\t\t\t\t\t<div class=\"elementor-toggle-item\">\n\t\t\t\t\t<div id=\"elementor-tab-title-9973\" class=\"elementor-tab-title\" data-tab=\"3\" role=\"button\" aria-controls=\"elementor-tab-content-9973\" aria-expanded=\"false\">\n\t\t\t\t\t\t\t\t\t\t\t\t<span class=\"elementor-toggle-icon elementor-toggle-icon-right\" aria-hidden=\"true\">\n\t\t\t\t\t\t\t\t\t\t\t\t\t\t\t<span class=\"elementor-toggle-icon-closed\"><i class=\"fas fa-chevron-down\"><\/i><\/span>\n\t\t\t\t\t\t\t\t<span class=\"elementor-toggle-icon-opened\"><i class=\"elementor-toggle-icon-opened fas fa-chevron-up\"><\/i><\/span>\n\t\t\t\t\t\t\t\t\t\t\t\t\t<\/span>\n\t\t\t\t\t\t\t\t\t\t\t\t<a class=\"elementor-toggle-title\" tabindex=\"0\"><h4>regional museum<\/h4><br><p style=\"font-weight:300;\">building of the former Jir\u00e1sek Gymnasium with a permanent exhibition about Litomy\u0161l and seasonal exhibitions<\/p><\/a>\n\t\t\t\t\t<\/div>\n\n\t\t\t\t\t<div id=\"elementor-tab-content-9973\" class=\"elementor-tab-content elementor-clearfix\" data-tab=\"3\" role=\"region\" aria-labelledby=\"elementor-tab-title-9973\"><p>The building of the Regional Museum in Litomy\u0161l is as interesting in itself as its collections. It is the original Piarist grammar school and it was in these walls that Alois Jir\u00e1sek taught and worked. The building has been a museum since 1928 and in 2014 it was revitalized to its present form according to Josef Pleskot&#8217;s design.<\/p>\n<p>The architect faced unexpected challenges during the revitalization. He had to quickly adapt his design to the significant archaeological findings at the site of the planned basement extension. The exposed medieval cobbled roads, remains of houses, walls and gates can now be admired by every visitor to the museum.<br \/><a href=\"https:\/\/www.rml.cz\/cs\/index.php\">more about the museum and its exhibitions&#8230;<\/a><\/p>\n<\/div>\n\t\t\t\t<\/div>\n\t\t\t\t\t\t\t<div class=\"elementor-toggle-item\">\n\t\t\t\t\t<div id=\"elementor-tab-title-9974\" class=\"elementor-tab-title\" data-tab=\"4\" role=\"button\" aria-controls=\"elementor-tab-content-9974\" aria-expanded=\"false\">\n\t\t\t\t\t\t\t\t\t\t\t\t<span class=\"elementor-toggle-icon elementor-toggle-icon-right\" aria-hidden=\"true\">\n\t\t\t\t\t\t\t\t\t\t\t\t\t\t\t<span class=\"elementor-toggle-icon-closed\"><i class=\"fas fa-chevron-down\"><\/i><\/span>\n\t\t\t\t\t\t\t\t<span class=\"elementor-toggle-icon-opened\"><i class=\"elementor-toggle-icon-opened fas fa-chevron-up\"><\/i><\/span>\n\t\t\t\t\t\t\t\t\t\t\t\t\t<\/span>\n\t\t\t\t\t\t\t\t\t\t\t\t<a class=\"elementor-toggle-title\" tabindex=\"0\"><h4>portmoneum<\/h4><br><p style=\"font-weight:300;\">Josef V\u00e1chal Museum<\/p><\/a>\n\t\t\t\t\t<\/div>\n\n\t\t\t\t\t<div id=\"elementor-tab-content-9974\" class=\"elementor-tab-content elementor-clearfix\" data-tab=\"4\" role=\"region\" aria-labelledby=\"elementor-tab-title-9974\"><p>It is said that whoever slept in rooms painted by Josef V\u00e1chal woke up like a madman. Josef V\u00e1chal, a mystic, graphic designer, trained bookbinder, nephew of Mikol\u00e1\u0161 Al\u0161, author of books, is loved by Litomy\u0161l especially thanks to his unique outlook on life. He was brought to Litomy\u0161l by his patron, Josef Portman, whom he named Count Portmon in his Blood Novel.<\/p>\n<p>After its recent reconstruction, the Portmoneum offers, in addition to its haunted rooms and permanent exhibition, video mapping in which V\u00e1chal&#8217;s paintings literally come to life. <br \/><span style=\"text-decoration: underline;\"><a href=\"https:\/\/portmoneum.cz\/\">more about Portmone&#8230;<\/a><\/span><\/p>\n<\/div>\n\t\t\t\t<\/div>\n\t\t\t\t\t\t\t<div class=\"elementor-toggle-item\">\n\t\t\t\t\t<div id=\"elementor-tab-title-9975\" class=\"elementor-tab-title\" data-tab=\"5\" role=\"button\" aria-controls=\"elementor-tab-content-9975\" aria-expanded=\"false\">\n\t\t\t\t\t\t\t\t\t\t\t\t<span class=\"elementor-toggle-icon elementor-toggle-icon-right\" aria-hidden=\"true\">\n\t\t\t\t\t\t\t\t\t\t\t\t\t\t\t<span class=\"elementor-toggle-icon-closed\"><i class=\"fas fa-chevron-down\"><\/i><\/span>\n\t\t\t\t\t\t\t\t<span class=\"elementor-toggle-icon-opened\"><i class=\"elementor-toggle-icon-opened fas fa-chevron-up\"><\/i><\/span>\n\t\t\t\t\t\t\t\t\t\t\t\t\t<\/span>\n\t\t\t\t\t\t\t\t\t\t\t\t<a class=\"elementor-toggle-title\" tabindex=\"0\"><h4>guided tour<\/h4><br><p style=\"font-weight:300;\">through the historical centre of the city with a guide from the information centre<\/p><\/a>\n\t\t\t\t\t<\/div>\n\n\t\t\t\t\t<div id=\"elementor-tab-content-9975\" class=\"elementor-tab-content elementor-clearfix\" data-tab=\"5\" role=\"region\" aria-labelledby=\"elementor-tab-title-9975\"><p>From the medieval Red Tower to the Smetana footbridge from the year. 2023. The guided tour presents the most important buildings and spaces of the ancient city full of modern architecture. <\/p>\n<p>Every Saturday and Sunday it starts from the information booth in the Festival Gardens. It passes the castle hill, the Piarist church and the statue of A. Jir\u00e1sek and heads to the historical square. <br \/>Reservations are recommended at +420 461 616 070. <\/p>\n<\/div>\n\t\t\t\t<\/div>\n\t\t\t\t\t\t\t<div class=\"elementor-toggle-item\">\n\t\t\t\t\t<div id=\"elementor-tab-title-9976\" class=\"elementor-tab-title\" data-tab=\"6\" role=\"button\" aria-controls=\"elementor-tab-content-9976\" aria-expanded=\"false\">\n\t\t\t\t\t\t\t\t\t\t\t\t<span class=\"elementor-toggle-icon elementor-toggle-icon-right\" aria-hidden=\"true\">\n\t\t\t\t\t\t\t\t\t\t\t\t\t\t\t<span class=\"elementor-toggle-icon-closed\"><i class=\"fas fa-chevron-down\"><\/i><\/span>\n\t\t\t\t\t\t\t\t<span class=\"elementor-toggle-icon-opened\"><i class=\"elementor-toggle-icon-opened fas fa-chevron-up\"><\/i><\/span>\n\t\t\t\t\t\t\t\t\t\t\t\t\t<\/span>\n\t\t\t\t\t\t\t\t\t\t\t\t<a class=\"elementor-toggle-title\" tabindex=\"0\"><h4>complete Smetana's Art Litomy\u0161l<\/h4><br><p style=\"font-weight:300;\">All exhibitions of Smetana Art Litomy\u0161l in one ticket<\/p><\/a>\n\t\t\t\t\t<\/div>\n\n\t\t\t\t\t<div id=\"elementor-tab-content-9976\" class=\"elementor-tab-content elementor-clearfix\" data-tab=\"6\" role=\"region\" aria-labelledby=\"elementor-tab-title-9976\"><p>The programme can be found as the festival date approaches <span style=\"text-decoration: underline;\"><a href=\"https:\/\/vytvarnalitomysl.cz\/\">here. <\/a><\/span> <\/p>\n<\/div>\n\t\t\t\t<\/div>\n\t\t\t\t\t\t\t\t<\/div>\n\t\t\t\t\t\t<\/div>\n\t\t\t\t<\/div>\n\t\t\t\t\t<\/div>\n\t\t<\/div>\n\t\t\t\t\t<\/div>\n\t\t<\/section>\n\t\t\t\t<div class=\"elementor-element elementor-element-9b9c897 elementor-widget elementor-widget-text-editor\" data-id=\"9b9c897\" data-element_type=\"widget\" data-widget_type=\"text-editor.default\">\n\t\t\t\t<div class=\"elementor-widget-container\">\n\t\t\t\t\t\t\t\t\t<p>680 CZK<br \/>50% discount for students and seniors<\/p>\n\t\t\t\t\t\t\t\t<\/div>\n\t\t\t\t<\/div>\n\t\t\t\t<div class=\"elementor-element elementor-element-6149e2f elementor-align-left elementor-mobile-align-left elementor-widget elementor-widget-button\" data-id=\"6149e2f\" data-element_type=\"widget\" data-widget_type=\"button.default\">\n\t\t\t\t<div class=\"elementor-widget-container\">\n\t\t\t\t\t\t\t\t\t<div class=\"elementor-button-wrapper\">\n\t\t\t\t\t<a class=\"elementor-button elementor-button-link elementor-size-sm\" href=\"https:\/\/smetanovalitomysl.enigoo.cz\/app\/smetanovalitomysl\/events\/443\">\n\t\t\t\t\t\t<span class=\"elementor-button-content-wrapper\">\n\t\t\t\t\t\t\t\t\t<span class=\"elementor-button-text\">order festival pass<\/span>\n\t\t\t\t\t<\/span>\n\t\t\t\t\t<\/a>\n\t\t\t\t<\/div>\n\t\t\t\t\t\t\t\t<\/div>\n\t\t\t\t<\/div>\n\t\t\t\t\t<\/div>\n\t\t<\/div>\n\t\t\t\t\t<\/div>\n\t\t<\/section>\n\t\t\t\t<\/div>\n\t\t","protected":false},"excerpt":{"rendered":"<p>festival pass a festival passport tag can open all Litomy\u0161l sights, all Smetana&#8217;s Art Litomy\u0161l exhibitions and provide a discount at all festival bars during the festival. UNESCO castle visit to the Renaissance pearl including a guided tour This UNESCO World Heritage Site is an obvious landmark of the town and a major tourist destination [&hellip;]<\/p>\n","protected":false},"author":18,"featured_media":0,"parent":0,"menu_order":0,"comment_status":"closed","ping_status":"closed","template":"","meta":{"_acf_changed":false,"inline_featured_image":false,"_thumbnail_id":0,"_medium_slug":"","_medium_name":"","footnotes":""},"class_list":["post-152852","page","type-page","status-publish","hentry"],"acf":[],"_links":{"self":[{"href":"https:\/\/smetanovalitomysl.cz\/en\/wp-json\/wp\/v2\/pages\/152852","targetHints":{"allow":["GET"]}}],"collection":[{"href":"https:\/\/smetanovalitomysl.cz\/en\/wp-json\/wp\/v2\/pages"}],"about":[{"href":"https:\/\/smetanovalitomysl.cz\/en\/wp-json\/wp\/v2\/types\/page"}],"author":[{"embeddable":true,"href":"https:\/\/smetanovalitomysl.cz\/en\/wp-json\/wp\/v2\/users\/18"}],"replies":[{"embeddable":true,"href":"https:\/\/smetanovalitomysl.cz\/en\/wp-json\/wp\/v2\/comments?post=152852"}],"version-history":[{"count":3,"href":"https:\/\/smetanovalitomysl.cz\/en\/wp-json\/wp\/v2\/pages\/152852\/revisions"}],"predecessor-version":[{"id":153951,"href":"https:\/\/smetanovalitomysl.cz\/en\/wp-json\/wp\/v2\/pages\/152852\/revisions\/153951"}],"wp:attachment":[{"href":"https:\/\/smetanovalitomysl.cz\/en\/wp-json\/wp\/v2\/media?parent=152852"}],"curies":[{"name":"wp","href":"https:\/\/api.w.org\/{rel}","templated":true}]}}