{"id":152854,"date":"2025-01-09T10:35:57","date_gmt":"2025-01-09T09:35:57","guid":{"rendered":"https:\/\/smetanovalitomysl.cz\/gdpr-personal-data-processing-policy-sl\/"},"modified":"2025-02-19T09:19:40","modified_gmt":"2025-02-19T08:19:40","slug":"gdpr-personal-data-processing-policy-sl","status":"publish","type":"page","link":"https:\/\/smetanovalitomysl.cz\/en\/gdpr-personal-data-processing-policy-sl\/","title":{"rendered":"GDPR &#8211; Personal Data Processing Policy SL"},"content":{"rendered":"\t\t<div data-elementor-type=\"wp-page\" data-elementor-id=\"152854\" class=\"elementor elementor-152854 elementor-150593\" data-elementor-post-type=\"page\">\n\t\t\t\t\t\t<section class=\"elementor-section elementor-top-section elementor-element elementor-element-6e7acea elementor-section-boxed elementor-section-height-default elementor-section-height-default\" data-id=\"6e7acea\" data-element_type=\"section\" data-settings=\"{&quot;background_background&quot;:&quot;classic&quot;}\">\n\t\t\t\t\t\t<div class=\"elementor-container elementor-column-gap-default\">\n\t\t\t\t\t<div class=\"elementor-column elementor-col-100 elementor-top-column elementor-element elementor-element-92b1ff8\" data-id=\"92b1ff8\" data-element_type=\"column\">\n\t\t\t<div class=\"elementor-widget-wrap elementor-element-populated\">\n\t\t\t\t\t\t<div class=\"elementor-element elementor-element-a9dd1d3 elementor-widget elementor-widget-spacer\" data-id=\"a9dd1d3\" data-element_type=\"widget\" data-widget_type=\"spacer.default\">\n\t\t\t\t<div class=\"elementor-widget-container\">\n\t\t\t\t\t\t\t<div class=\"elementor-spacer\">\n\t\t\t<div class=\"elementor-spacer-inner\"><\/div>\n\t\t<\/div>\n\t\t\t\t\t\t<\/div>\n\t\t\t\t<\/div>\n\t\t\t\t\t<\/div>\n\t\t<\/div>\n\t\t\t\t\t<\/div>\n\t\t<\/section>\n\t\t\t\t<section class=\"elementor-section elementor-top-section elementor-element elementor-element-bafd901 platinovci elementor-section-boxed elementor-section-height-default elementor-section-height-default\" data-id=\"bafd901\" data-element_type=\"section\">\n\t\t\t\t\t\t<div class=\"elementor-container elementor-column-gap-default\">\n\t\t\t\t\t<div class=\"elementor-column elementor-col-100 elementor-top-column elementor-element elementor-element-185caa1\" data-id=\"185caa1\" data-element_type=\"column\">\n\t\t\t<div class=\"elementor-widget-wrap elementor-element-populated\">\n\t\t\t\t\t\t<div class=\"elementor-element elementor-element-b8b1d24 hlavni-podnadpis elementor-widget elementor-widget-heading\" data-id=\"b8b1d24\" data-element_type=\"widget\" data-widget_type=\"heading.default\">\n\t\t\t\t<div class=\"elementor-widget-container\">\n\t\t\t\t\t<h3 class=\"elementor-heading-title elementor-size-default\">Smetana's Litomy\u0161l<\/h3>\t\t\t\t<\/div>\n\t\t\t\t<\/div>\n\t\t\t\t<div class=\"elementor-element elementor-element-1460042 elementor-widget elementor-widget-heading\" data-id=\"1460042\" data-element_type=\"widget\" data-widget_type=\"heading.default\">\n\t\t\t\t<div class=\"elementor-widget-container\">\n\t\t\t\t\t<h1 class=\"elementor-heading-title elementor-size-default\">GDPR  <\/h1>\t\t\t\t<\/div>\n\t\t\t\t<\/div>\n\t\t\t\t<div class=\"elementor-element elementor-element-2d12eb1 elementor-widget elementor-widget-spacer\" data-id=\"2d12eb1\" data-element_type=\"widget\" data-widget_type=\"spacer.default\">\n\t\t\t\t<div class=\"elementor-widget-container\">\n\t\t\t\t\t\t\t<div class=\"elementor-spacer\">\n\t\t\t<div class=\"elementor-spacer-inner\"><\/div>\n\t\t<\/div>\n\t\t\t\t\t\t<\/div>\n\t\t\t\t<\/div>\n\t\t\t\t\t<\/div>\n\t\t<\/div>\n\t\t\t\t\t<\/div>\n\t\t<\/section>\n\t\t\t\t<section class=\"elementor-section elementor-top-section elementor-element elementor-element-a8c62b6 platinovci elementor-section-boxed elementor-section-height-default elementor-section-height-default\" data-id=\"a8c62b6\" data-element_type=\"section\">\n\t\t\t\t\t\t<div class=\"elementor-container elementor-column-gap-default\">\n\t\t\t\t\t<div class=\"elementor-column elementor-col-100 elementor-top-column elementor-element elementor-element-dd7a306\" data-id=\"dd7a306\" data-element_type=\"column\">\n\t\t\t<div class=\"elementor-widget-wrap elementor-element-populated\">\n\t\t\t\t\t\t<div class=\"elementor-element elementor-element-a4d05cb elementor-widget elementor-widget-heading\" data-id=\"a4d05cb\" data-element_type=\"widget\" data-widget_type=\"heading.default\">\n\t\t\t\t<div class=\"elementor-widget-container\">\n\t\t\t\t\t<h3 class=\"elementor-heading-title elementor-size-default\">Personal data processing principles<\/h3>\t\t\t\t<\/div>\n\t\t\t\t<\/div>\n\t\t\t\t<div class=\"elementor-element elementor-element-7e406ac elementor-widget elementor-widget-heading\" data-id=\"7e406ac\" data-element_type=\"widget\" data-widget_type=\"heading.default\">\n\t\t\t\t<div class=\"elementor-widget-container\">\n\t\t\t\t\t<h4 class=\"elementor-heading-title elementor-size-default\">Smetanova Litomy\u0161l (SL)<\/h4>\t\t\t\t<\/div>\n\t\t\t\t<\/div>\n\t\t\t\t<div class=\"elementor-element elementor-element-6f519d4 elementor-widget elementor-widget-spacer\" data-id=\"6f519d4\" data-element_type=\"widget\" data-widget_type=\"spacer.default\">\n\t\t\t\t<div class=\"elementor-widget-container\">\n\t\t\t\t\t\t\t<div class=\"elementor-spacer\">\n\t\t\t<div class=\"elementor-spacer-inner\"><\/div>\n\t\t<\/div>\n\t\t\t\t\t\t<\/div>\n\t\t\t\t<\/div>\n\t\t\t\t\t<\/div>\n\t\t<\/div>\n\t\t\t\t\t<\/div>\n\t\t<\/section>\n\t\t\t\t<section class=\"elementor-section elementor-top-section elementor-element elementor-element-5df5277 platinovci elementor-section-boxed elementor-section-height-default elementor-section-height-default\" data-id=\"5df5277\" data-element_type=\"section\">\n\t\t\t\t\t\t<div class=\"elementor-container elementor-column-gap-default\">\n\t\t\t\t\t<div class=\"elementor-column elementor-col-100 elementor-top-column elementor-element elementor-element-d802619\" data-id=\"d802619\" data-element_type=\"column\">\n\t\t\t<div class=\"elementor-widget-wrap elementor-element-populated\">\n\t\t\t\t\t\t<div class=\"elementor-element elementor-element-0f98ea7 elementor-widget elementor-widget-heading\" data-id=\"0f98ea7\" data-element_type=\"widget\" data-widget_type=\"heading.default\">\n\t\t\t\t<div class=\"elementor-widget-container\">\n\t\t\t\t\t<h3 class=\"elementor-heading-title elementor-size-default\">Purpose of the document<\/h3>\t\t\t\t<\/div>\n\t\t\t\t<\/div>\n\t\t\t\t<div class=\"elementor-element elementor-element-f4d9c45 elementor-widget elementor-widget-text-editor\" data-id=\"f4d9c45\" data-element_type=\"widget\" data-widget_type=\"text-editor.default\">\n\t\t\t\t<div class=\"elementor-widget-container\">\n\t\t\t\t\t\t\t\t\t<p><span style=\"font-weight: 400;\">The purpose of this document is to summarize basic information about the principles of personal data processing that SL follows and has adopted to ensure compliance with the EU Regulation 2016\/679 (hereinafter referred to as &#8220;GDPR&#8221;), the Act on Personal Data Processing 110\/2019 Coll. and other related legislation. <\/span><\/p>\n<p><span style=\"font-weight: 400;\">SL has taken all steps necessary to ensure the security and confidentiality of the processed data and to comply with all prescribed obligations under Czech law.<\/span><\/p>\n\t\t\t\t\t\t\t\t<\/div>\n\t\t\t\t<\/div>\n\t\t\t\t\t<\/div>\n\t\t<\/div>\n\t\t\t\t\t<\/div>\n\t\t<\/section>\n\t\t\t\t<section class=\"elementor-section elementor-top-section elementor-element elementor-element-831e175 platinovci elementor-section-boxed elementor-section-height-default elementor-section-height-default\" data-id=\"831e175\" data-element_type=\"section\">\n\t\t\t\t\t\t<div class=\"elementor-container elementor-column-gap-default\">\n\t\t\t\t\t<div class=\"elementor-column elementor-col-100 elementor-top-column elementor-element elementor-element-1068f1a\" data-id=\"1068f1a\" data-element_type=\"column\">\n\t\t\t<div class=\"elementor-widget-wrap elementor-element-populated\">\n\t\t\t\t\t\t<div class=\"elementor-element elementor-element-9935d92 elementor-widget elementor-widget-heading\" data-id=\"9935d92\" data-element_type=\"widget\" data-widget_type=\"heading.default\">\n\t\t\t\t<div class=\"elementor-widget-container\">\n\t\t\t\t\t<h3 class=\"elementor-heading-title elementor-size-default\">Basic information<\/h3>\t\t\t\t<\/div>\n\t\t\t\t<\/div>\n\t\t\t\t<div class=\"elementor-element elementor-element-680b7ba elementor-widget elementor-widget-text-editor\" data-id=\"680b7ba\" data-element_type=\"widget\" data-widget_type=\"text-editor.default\">\n\t\t\t\t<div class=\"elementor-widget-container\">\n\t\t\t\t\t\t\t\t\t<p><span style=\"font-weight: 400;\">Smetanova Litomy\u0161l, o.p.s., with its registered office at 133 Jir\u00e1skova Street, Z\u00e1hrad\u00ed, Litomy\u0161l, ID No.: 25918206, registered in the register of public benefit corporations maintained by the Regional Court in Hradec Kr\u00e1lov\u00e9, Section O, Insert 49, is in the position of a personal data controller with respect to visitors of organized cultural events, users of provided services, products and visitors of operated websites, as well as employees and business partners. In accordance with the GDPR, SL complies with the following principles when processing personal data: <\/span><\/p>\n<ul>\n<li>&#8211; <strong>Lawfulness<\/strong>, fairness and transparency &#8211; SL only processes data where there is a legitimate reason to do so (e.g. a legal obligation, performance of a contract, protection of SL&#8217;s interests, protection of third party interests or consent given by the data subject). Data is processed transparently and data subjects are informed about how their personal data is handled, who has access to it and what rights they have. <\/li>\n<li> <\/li>\n<li aria-level=\"1\"><span style=\"font-weight: 400;\">&#8211; <strong>Purpose<\/strong> limitation &#8211; SL collects personal data only for specific, explicit and legitimate purposes (see above).\n<p><\/span><\/li>\n<li style=\"font-weight: 400;\" aria-level=\"1\"><span style=\"font-weight: 400;\">&#8211; Data <strong>minimisation<\/strong> &#8211; SL only processes personal data to the extent and to the extent necessary in relation to the purpose.\n<p><\/span><\/li>\n<li style=\"font-weight: 400;\" aria-level=\"1\"><span style=\"font-weight: 400;\">&#8211; <strong>Accuracy<\/strong> &#8211; SL only processes up-to-date personal data that corresponds to reality.\n<p><\/span><\/li>\n<li style=\"font-weight: 400;\" aria-level=\"1\"><span style=\"font-weight: 400;\">&#8211; Storage <strong>limitations<\/strong> &#8211; personal data is not held by SL for longer than is necessary and lawful.\n<p><\/span><\/li>\n<li style=\"font-weight: 400;\" aria-level=\"1\"><span style=\"font-weight: 400;\">&#8211; <strong>Integrity<\/strong>, confidentiality &#8211; SL has sufficient technical and organisational measures in place to protect personal data transmitted, stored or otherwise processed against accidental or unlawful destruction, loss, alteration or unauthorised disclosure or access.\n<p><\/span><\/li>\n<li style=\"font-weight: 400;\" aria-level=\"1\"><span style=\"font-weight: 400;\">&#8211; <strong>Accountability<\/strong> &#8211; SL shall be able to demonstrate compliance with the principles above at any time.<\/span><\/li>\n<\/ul>\n<p><span style=\"font-weight: 400;\"><br \/>SL processes most of the personal data in order to comply with statutory obligations and to fulfil contracts with clients. This includes in particular personal data necessary for the conclusion and performance of the contract, i.e. in particular identification and contact data (title, name, surname, address, date of birth, national identifier if applicable, company name, name, registered office, place of business, identification number, e-mail address, bank connection). <\/span><\/p>\n<p><span style=\"font-weight: 400;\">The data subject is duly informed of the principles of personal data processing in the context of the conclusion of the contract and acknowledges that SL is entitled to disclose personal data to other processors or administrators, as appropriate, in accordance with applicable law.<\/span><\/p>\n<p><span style=\"font-weight: 400;\">If SL processes personal data for purposes other than to comply with statutory obligations, then this is processing of personal data for which the express, free, specific and informed consent of the data subjects is required. In this case, the processing of personal data is mainly for marketing purposes and in any such case the client is informed in advance of the scope of the processing. The provision of such consent is entirely voluntary and the data subject may withdraw consent at any time or exercise other rights described in the consent.  <\/span><\/p>\n\t\t\t\t\t\t\t\t<\/div>\n\t\t\t\t<\/div>\n\t\t\t\t\t<\/div>\n\t\t<\/div>\n\t\t\t\t\t<\/div>\n\t\t<\/section>\n\t\t\t\t<section class=\"elementor-section elementor-top-section elementor-element elementor-element-8c56323 platinovci elementor-section-boxed elementor-section-height-default elementor-section-height-default\" data-id=\"8c56323\" data-element_type=\"section\">\n\t\t\t\t\t\t<div class=\"elementor-container elementor-column-gap-default\">\n\t\t\t\t\t<div class=\"elementor-column elementor-col-100 elementor-top-column elementor-element elementor-element-a9f6d5b\" data-id=\"a9f6d5b\" data-element_type=\"column\">\n\t\t\t<div class=\"elementor-widget-wrap elementor-element-populated\">\n\t\t\t\t\t\t<div class=\"elementor-element elementor-element-7aeb58b elementor-widget elementor-widget-heading\" data-id=\"7aeb58b\" data-element_type=\"widget\" data-widget_type=\"heading.default\">\n\t\t\t\t<div class=\"elementor-widget-container\">\n\t\t\t\t\t<h3 class=\"elementor-heading-title elementor-size-default\">Technical and organisational measures<\/h3>\t\t\t\t<\/div>\n\t\t\t\t<\/div>\n\t\t\t\t<div class=\"elementor-element elementor-element-c5d4c02 elementor-widget elementor-widget-text-editor\" data-id=\"c5d4c02\" data-element_type=\"widget\" data-widget_type=\"text-editor.default\">\n\t\t\t\t<div class=\"elementor-widget-container\">\n\t\t\t\t\t\t\t\t\t<p>The Company has taken the necessary measures to ensure the security of the personal data processed in both physical and electronic form. These measures include, in particular, establishing rules for working with the information systems in question, ensuring that only authorised persons use the systems for automated processing of personal data, that these persons have access only to personal data corresponding to the authorisation of these persons, and making electronic records, identifying and verifying when, by whom and for what reason personal data were recorded or otherwise processed, and preventing unauthorised access to data media, in particular by setting passwords, access rights, encryption, drawing up documentation on the technical and organisational measures taken, increasing security by installing locks, etc. <\/p>\n<p><span style=\"font-weight: 400;\">All employees and persons who have access to personal data within the scope of SL&#8217;s activities are properly trained and familiar with the rules of security and confidentiality when handling personal data.<\/span><\/p>\n\t\t\t\t\t\t\t\t<\/div>\n\t\t\t\t<\/div>\n\t\t\t\t\t<\/div>\n\t\t<\/div>\n\t\t\t\t\t<\/div>\n\t\t<\/section>\n\t\t\t\t<section class=\"elementor-section elementor-top-section elementor-element elementor-element-5f70c96 platinovci elementor-section-boxed elementor-section-height-default elementor-section-height-default\" data-id=\"5f70c96\" data-element_type=\"section\">\n\t\t\t\t\t\t<div class=\"elementor-container elementor-column-gap-default\">\n\t\t\t\t\t<div class=\"elementor-column elementor-col-100 elementor-top-column elementor-element elementor-element-3e31bc9\" data-id=\"3e31bc9\" data-element_type=\"column\">\n\t\t\t<div class=\"elementor-widget-wrap elementor-element-populated\">\n\t\t\t\t\t\t<div class=\"elementor-element elementor-element-e087150 elementor-widget elementor-widget-heading\" data-id=\"e087150\" data-element_type=\"widget\" data-widget_type=\"heading.default\">\n\t\t\t\t<div class=\"elementor-widget-container\">\n\t\t\t\t\t<h3 class=\"elementor-heading-title elementor-size-default\">Cookies<\/h3>\t\t\t\t<\/div>\n\t\t\t\t<\/div>\n\t\t\t\t<div class=\"elementor-element elementor-element-28841fe elementor-widget elementor-widget-text-editor\" data-id=\"28841fe\" data-element_type=\"widget\" data-widget_type=\"text-editor.default\">\n\t\t\t\t<div class=\"elementor-widget-container\">\n\t\t\t\t\t\t\t\t\t<p><span style=\"font-weight: 400;\">In order to fully use the cookie data, the legal title of the processing is the user&#8217;s consent, which is normally obtained by setting the user&#8217;s browser. If more than one user uses the device, it is assumed that the user is aware of how the device is set up, as otherwise he would have set it up differently. <\/span><\/p>\n<p><span style=\"font-weight: 400;\">Similarly, the endpoint device can be set up in the workplace by the employer and the employee is aware of this, even if they would prefer to set up the storage of cookies differently.<\/span><\/p>\n<p><span style=\"font-weight: 400;\">Consent is not required for cookies strictly necessary for the operation of the website and internet services.<\/span><\/p>\n<p><span style=\"font-weight: 400;\">According to the GDPR, the handling of data obtained from cookies is the processing of personal data.<\/span><\/p>\n\t\t\t\t\t\t\t\t<\/div>\n\t\t\t\t<\/div>\n\t\t\t\t\t<\/div>\n\t\t<\/div>\n\t\t\t\t\t<\/div>\n\t\t<\/section>\n\t\t\t\t<section class=\"elementor-section elementor-top-section elementor-element elementor-element-63efef7 platinovci elementor-section-boxed elementor-section-height-default elementor-section-height-default\" data-id=\"63efef7\" data-element_type=\"section\">\n\t\t\t\t\t\t<div class=\"elementor-container elementor-column-gap-default\">\n\t\t\t\t\t<div class=\"elementor-column elementor-col-100 elementor-top-column elementor-element elementor-element-303734a\" data-id=\"303734a\" data-element_type=\"column\">\n\t\t\t<div class=\"elementor-widget-wrap elementor-element-populated\">\n\t\t\t\t\t\t<div class=\"elementor-element elementor-element-dc3e811 elementor-widget elementor-widget-heading\" data-id=\"dc3e811\" data-element_type=\"widget\" data-widget_type=\"heading.default\">\n\t\t\t\t<div class=\"elementor-widget-container\">\n\t\t\t\t\t<h3 class=\"elementor-heading-title elementor-size-default\">Transfer of data to third parties and abroad\n<\/h3>\t\t\t\t<\/div>\n\t\t\t\t<\/div>\n\t\t\t\t<div class=\"elementor-element elementor-element-570db57 elementor-widget elementor-widget-text-editor\" data-id=\"570db57\" data-element_type=\"widget\" data-widget_type=\"text-editor.default\">\n\t\t\t\t<div class=\"elementor-widget-container\">\n\t\t\t\t\t\t\t\t\t<p><span style=\"font-weight: 400;\">SL transfers personal data to third parties only in cases prescribed by law (mandatory reporting to state administration authorities) or to the extent necessary to selected suppliers who provide certain services for SL that are necessary to provide services to clients. SL has clear contractual relationships with all such parties and all suppliers comply with the necessary rules for processing personal data within the scope and parameters required by the GDPR. <\/span><\/p>\n<p><span style=\"font-weight: 400;\">SL transfers personal data abroad within a clearly defined scope for the purpose of providing services to its clients, only to selected suppliers, and all affected parties are always informed of such transfers.<\/span><\/p>\n\t\t\t\t\t\t\t\t<\/div>\n\t\t\t\t<\/div>\n\t\t\t\t\t<\/div>\n\t\t<\/div>\n\t\t\t\t\t<\/div>\n\t\t<\/section>\n\t\t\t\t<section class=\"elementor-section elementor-top-section elementor-element elementor-element-80962b4 platinovci elementor-section-boxed elementor-section-height-default elementor-section-height-default\" data-id=\"80962b4\" data-element_type=\"section\">\n\t\t\t\t\t\t<div class=\"elementor-container elementor-column-gap-default\">\n\t\t\t\t\t<div class=\"elementor-column elementor-col-100 elementor-top-column elementor-element elementor-element-fa6dd61\" data-id=\"fa6dd61\" data-element_type=\"column\">\n\t\t\t<div class=\"elementor-widget-wrap elementor-element-populated\">\n\t\t\t\t\t\t<div class=\"elementor-element elementor-element-689fb42 elementor-widget elementor-widget-heading\" data-id=\"689fb42\" data-element_type=\"widget\" data-widget_type=\"heading.default\">\n\t\t\t\t<div class=\"elementor-widget-container\">\n\t\t\t\t\t<h3 class=\"elementor-heading-title elementor-size-default\">Security Incident Reporting<\/h3>\t\t\t\t<\/div>\n\t\t\t\t<\/div>\n\t\t\t\t<div class=\"elementor-element elementor-element-456003a elementor-widget elementor-widget-text-editor\" data-id=\"456003a\" data-element_type=\"widget\" data-widget_type=\"text-editor.default\">\n\t\t\t\t<div class=\"elementor-widget-container\">\n\t\t\t\t\t\t\t\t\t<p><span style=\"font-weight: 400;\">SL has a system in place for reporting potential security incidents. In the event of any data leakage, the GDPR is complied with in order to minimise potential damage and appropriate reports are sent to the Data Protection Authority (www.uoou.cz) in prescribed cases.   <\/span><\/p>\n\t\t\t\t\t\t\t\t<\/div>\n\t\t\t\t<\/div>\n\t\t\t\t\t<\/div>\n\t\t<\/div>\n\t\t\t\t\t<\/div>\n\t\t<\/section>\n\t\t\t\t<section class=\"elementor-section elementor-top-section elementor-element elementor-element-724022b platinovci elementor-section-boxed elementor-section-height-default elementor-section-height-default\" data-id=\"724022b\" data-element_type=\"section\">\n\t\t\t\t\t\t<div class=\"elementor-container elementor-column-gap-default\">\n\t\t\t\t\t<div class=\"elementor-column elementor-col-100 elementor-top-column elementor-element elementor-element-7b6d4ac\" data-id=\"7b6d4ac\" data-element_type=\"column\">\n\t\t\t<div class=\"elementor-widget-wrap elementor-element-populated\">\n\t\t\t\t\t\t<div class=\"elementor-element elementor-element-2cb32a4 elementor-widget elementor-widget-heading\" data-id=\"2cb32a4\" data-element_type=\"widget\" data-widget_type=\"heading.default\">\n\t\t\t\t<div class=\"elementor-widget-container\">\n\t\t\t\t\t<h3 class=\"elementor-heading-title elementor-size-default\">Contact information\n<\/h3>\t\t\t\t<\/div>\n\t\t\t\t<\/div>\n\t\t\t\t<div class=\"elementor-element elementor-element-5229f20 elementor-widget elementor-widget-text-editor\" data-id=\"5229f20\" data-element_type=\"widget\" data-widget_type=\"text-editor.default\">\n\t\t\t\t<div class=\"elementor-widget-container\">\n\t\t\t\t\t\t\t\t\t<p><span style=\"font-weight: 400;\">In the event of suspected processing of personal data in violation of privacy protection or in violation of the law, in particular if the personal data are inaccurate with regard to the purpose of their processing, it is possible to send SL an objection or request an explanation. The contact person of the Data Protection Officer, Jitka Nazdravetsk\u00e1, is   <\/span><a href=\"mailto:nazdravetska@smetanovalitomysl.cz\"><span style=\"font-weight: 400;\"><u>nazdravetska@smetanovalitomysl.cz<\/u><\/span><\/a><span style=\"font-weight: 400;\">, phone 461 612 575.<\/span><\/p>\n\t\t\t\t\t\t\t\t<\/div>\n\t\t\t\t<\/div>\n\t\t\t\t\t<\/div>\n\t\t<\/div>\n\t\t\t\t\t<\/div>\n\t\t<\/section>\n\t\t\t\t<section class=\"elementor-section elementor-top-section elementor-element elementor-element-d083485 platinovci elementor-section-boxed elementor-section-height-default elementor-section-height-default\" data-id=\"d083485\" data-element_type=\"section\">\n\t\t\t\t\t\t<div class=\"elementor-container elementor-column-gap-default\">\n\t\t\t\t\t<div class=\"elementor-column elementor-col-100 elementor-top-column elementor-element elementor-element-50f3cfa\" data-id=\"50f3cfa\" data-element_type=\"column\">\n\t\t\t<div class=\"elementor-widget-wrap elementor-element-populated\">\n\t\t\t\t\t\t<div class=\"elementor-element elementor-element-fa4dc53 elementor-widget elementor-widget-spacer\" data-id=\"fa4dc53\" data-element_type=\"widget\" data-widget_type=\"spacer.default\">\n\t\t\t\t<div class=\"elementor-widget-container\">\n\t\t\t\t\t\t\t<div class=\"elementor-spacer\">\n\t\t\t<div class=\"elementor-spacer-inner\"><\/div>\n\t\t<\/div>\n\t\t\t\t\t\t<\/div>\n\t\t\t\t<\/div>\n\t\t\t\t<div class=\"elementor-element elementor-element-7a4150a elementor-widget elementor-widget-text-editor\" data-id=\"7a4150a\" data-element_type=\"widget\" data-widget_type=\"text-editor.default\">\n\t\t\t\t<div class=\"elementor-widget-container\">\n\t\t\t\t\t\t\t\t\t<p>Download the document <a href=\"https:\/\/smetanovalitomysl.cz\/wp-content\/uploads\/2025\/01\/Zasady-zpracovani-osobnich-udaju-SL.pdf\"><span style=\"text-decoration: underline;\">here<\/span>.<\/a><\/p>\n\t\t\t\t\t\t\t\t<\/div>\n\t\t\t\t<\/div>\n\t\t\t\t\t<\/div>\n\t\t<\/div>\n\t\t\t\t\t<\/div>\n\t\t<\/section>\n\t\t\t\t<\/div>\n\t\t","protected":false},"excerpt":{"rendered":"<p>Smetana&#8217;s Litomy\u0161l GDPR Personal data processing principles Smetanova Litomy\u0161l (SL) Purpose of the document The purpose of this document is to summarize basic information about the principles of personal data processing that SL follows and has adopted to ensure compliance with the EU Regulation 2016\/679 (hereinafter referred to as &#8220;GDPR&#8221;), the Act on Personal Data [&hellip;]<\/p>\n","protected":false},"author":12,"featured_media":0,"parent":0,"menu_order":0,"comment_status":"closed","ping_status":"closed","template":"","meta":{"_acf_changed":false,"inline_featured_image":false,"_thumbnail_id":0,"_medium_slug":"","_medium_name":"","footnotes":""},"class_list":["post-152854","page","type-page","status-publish","hentry"],"acf":[],"_links":{"self":[{"href":"https:\/\/smetanovalitomysl.cz\/en\/wp-json\/wp\/v2\/pages\/152854","targetHints":{"allow":["GET"]}}],"collection":[{"href":"https:\/\/smetanovalitomysl.cz\/en\/wp-json\/wp\/v2\/pages"}],"about":[{"href":"https:\/\/smetanovalitomysl.cz\/en\/wp-json\/wp\/v2\/types\/page"}],"author":[{"embeddable":true,"href":"https:\/\/smetanovalitomysl.cz\/en\/wp-json\/wp\/v2\/users\/12"}],"replies":[{"embeddable":true,"href":"https:\/\/smetanovalitomysl.cz\/en\/wp-json\/wp\/v2\/comments?post=152854"}],"version-history":[{"count":1,"href":"https:\/\/smetanovalitomysl.cz\/en\/wp-json\/wp\/v2\/pages\/152854\/revisions"}],"predecessor-version":[{"id":152855,"href":"https:\/\/smetanovalitomysl.cz\/en\/wp-json\/wp\/v2\/pages\/152854\/revisions\/152855"}],"wp:attachment":[{"href":"https:\/\/smetanovalitomysl.cz\/en\/wp-json\/wp\/v2\/media?parent=152854"}],"curies":[{"name":"wp","href":"https:\/\/api.w.org\/{rel}","templated":true}]}}